{"id":322,"date":"2019-08-20T13:42:10","date_gmt":"2019-08-20T13:42:10","guid":{"rendered":"https:\/\/themes.getmotopress.com\/booklium-default\/?page_id=322"},"modified":"2025-05-14T17:41:59","modified_gmt":"2025-05-14T15:41:59","slug":"faq","status":"publish","type":"page","link":"https:\/\/acampale.com\/cat\/faq\/","title":{"rendered":"Preguntes freq\u00fcents"},"content":{"rendered":"<div class=\"wp-block-getwid-accordion has-icon-left\" data-active-element=\"none\">\n<div class=\"wp-block-getwid-accordion__header-wrapper\"><h4 class=\"wp-block-getwid-accordion__header\"><a href=\"#\"><span class=\"wp-block-getwid-accordion__header-title\">Horaris de check-in i check-out?<\/span><span class=\"wp-block-getwid-accordion__icon is-active\"><i class=\"fas fa-plus\"><\/i><\/span><span class=\"wp-block-getwid-accordion__icon is-passive\"><i class=\"fas fa-minus\"><\/i><\/span><\/a><\/h4><\/div><div class=\"wp-block-getwid-accordion__content-wrapper\"><div class=\"wp-block-getwid-accordion__content\">\n<p class=\"\"><strong>\u00b7 La Garrotxa \u2013 C\u00e0mping Lava:<\/strong>&nbsp;Check-in de 16h a 20h. Check-out fins a les 12h<\/p>\n\n\n\n<p class=\"\"><strong>\u00b7 Costa Brava \u2013 C\u00e0mping Moby Dick:\u00a0<\/strong>Check-in de 16h a 20h. Check-out fins a les 12h<\/p>\n<\/div><\/div>\n\n\n\n<div class=\"wp-block-getwid-accordion__header-wrapper\"><h4 class=\"wp-block-getwid-accordion__header\"><a href=\"#\"><span class=\"wp-block-getwid-accordion__header-title\">Hem de portar llen\u00e7ols i tovalloles?<\/span><span class=\"wp-block-getwid-accordion__icon is-active\"><i class=\"fas fa-plus\"><\/i><\/span><span class=\"wp-block-getwid-accordion__icon is-passive\"><i class=\"fas fa-minus\"><\/i><\/span><\/a><\/h4><\/div><div class=\"wp-block-getwid-accordion__content-wrapper\"><div class=\"wp-block-getwid-accordion__content\">\n<p class=\"\">Llen\u00e7ols no, els llits estan totalment equipats amb el seu edred\u00f3 i coixins. Per\u00f2 tovalloles s\u00ed!<\/p>\n<\/div><\/div>\n\n\n\n<div class=\"wp-block-getwid-accordion__header-wrapper\"><h4 class=\"wp-block-getwid-accordion__header\"><a href=\"#\"><span class=\"wp-block-getwid-accordion__header-title\">Quina pol\u00edtica de cancel\u00b7laci\u00f3 teniu?<\/span><span class=\"wp-block-getwid-accordion__icon is-active\"><i class=\"fas fa-plus\"><\/i><\/span><span class=\"wp-block-getwid-accordion__icon is-passive\"><i class=\"fas fa-minus\"><\/i><\/span><\/a><\/h4><\/div><div class=\"wp-block-getwid-accordion__content-wrapper\"><div class=\"wp-block-getwid-accordion__content\">\n<p class=\"\">Les reserves online realitzades a trav\u00e9s de la nostra web es poden cancel\u00b7lar, sense comprom\u00eds ni penalitzaci\u00f3, fins a 14 dies abans del dia d'arribada. A menys de 14 dies aix\u00ed com si finament no apareixes pel c\u00e0mping, ja no podrem retornar-te l'import de la teva reserva.<a href=\"https:\/\/acampale.com\/cat\/?_gl=1%2A1138ons%2A_ga%2AMTkyMDMzNjY5OS4xNzEzMDAwMzM1%2A_ga_PHNXPFVNDH%2AMTcxMzAwMDMzNC4xLjAuMTcxMzAwMDMzNC4wLjAuMA..%2A_gcl_au%2AMTM1Njk2MTY0MS4xNzEzMDAwMzM1\"><\/a><\/p>\n<\/div><\/div>\n\n\n\n<div class=\"wp-block-getwid-accordion__header-wrapper\"><h4 class=\"wp-block-getwid-accordion__header\"><a href=\"#\"><span class=\"wp-block-getwid-accordion__header-title\">Quina capacitat tenen els tipis? Podem reservar m\u00e9s d'un a la vegada per a venir en grup?<\/span><span class=\"wp-block-getwid-accordion__icon is-active\"><i class=\"fas fa-plus\"><\/i><\/span><span class=\"wp-block-getwid-accordion__icon is-passive\"><i class=\"fas fa-minus\"><\/i><\/span><\/a><\/h4><\/div><div class=\"wp-block-getwid-accordion__content-wrapper\"><div class=\"wp-block-getwid-accordion__content\">\n<p class=\"\">Els nostres tipis estan preparats per a una capacitat m\u00e0xima de 4 persones (2 llits dobles), sense comptar els menors de 3 anys.<\/p>\n\n\n\n<p class=\"\">Si! Utilitzant el nostre formulari de cerca per dates us apareixeran tots els tipis disponibles. Seleccionant \"afegir\" en varis d'ells i despr\u00e9s \"<em>confirmar reserva<\/em>\", quedaran inclosos a la vegada en el mateix proc\u00e9s de pagament. Assegura't que est\u00e0s reservant tipis d'un mateix c\u00e0mping!<\/p>\n<\/div><\/div>\n\n\n\n<div class=\"wp-block-getwid-accordion__header-wrapper\"><h4 class=\"wp-block-getwid-accordion__header\"><a href=\"#\"><span class=\"wp-block-getwid-accordion__header-title\">Es pot portar un c\u00e0mping gas per a cuinar?<\/span><span class=\"wp-block-getwid-accordion__icon is-active\"><i class=\"fas fa-plus\"><\/i><\/span><span class=\"wp-block-getwid-accordion__icon is-passive\"><i class=\"fas fa-minus\"><\/i><\/span><\/a><\/h4><\/div><div class=\"wp-block-getwid-accordion__content-wrapper\"><div class=\"wp-block-getwid-accordion__content\">\n<p class=\"\">Cap problema! Aix\u00f2 s\u00ed que cal utilitzar-lo sempre fora, amb la taula i les cadires de c\u00e0mping que us proporcionem. Est\u00e0 absolutament prohibit fer foc a l'interior del tipi.<a href=\"https:\/\/acampale.com\/cat\/?_gl=1%2A1138ons%2A_ga%2AMTkyMDMzNjY5OS4xNzEzMDAwMzM1%2A_ga_PHNXPFVNDH%2AMTcxMzAwMDMzNC4xLjAuMTcxMzAwMDMzNC4wLjAuMA..%2A_gcl_au%2AMTM1Njk2MTY0MS4xNzEzMDAwMzM1\"><\/a><\/p>\n<\/div><\/div>\n\n\n\n<div class=\"wp-block-getwid-accordion__header-wrapper\"><h4 class=\"wp-block-getwid-accordion__header\"><a href=\"#\"><span class=\"wp-block-getwid-accordion__header-title\">Hi ha lavabo? I dutxa?<\/span><span class=\"wp-block-getwid-accordion__icon is-active\"><i class=\"fas fa-plus\"><\/i><\/span><span class=\"wp-block-getwid-accordion__icon is-passive\"><i class=\"fas fa-minus\"><\/i><\/span><\/a><\/h4><\/div><div class=\"wp-block-getwid-accordion__content-wrapper\"><div class=\"wp-block-getwid-accordion__content\">\n<p class=\"\">\u00c9s clar! A la llista d'instal\u00b7lacions comunes dels nostres espais col\u00b7laboradors no hi falten mai ni WC ni dutxes d'aigua calenta.<\/p>\n<\/div><\/div>\n\n\n\n<div class=\"wp-block-getwid-accordion__header-wrapper\"><h4 class=\"wp-block-getwid-accordion__header\"><a href=\"#\"><span class=\"wp-block-getwid-accordion__header-title\">Podem anar amb gos?<\/span><span class=\"wp-block-getwid-accordion__icon is-active\"><i class=\"fas fa-plus\"><\/i><\/span><span class=\"wp-block-getwid-accordion__icon is-passive\"><i class=\"fas fa-minus\"><\/i><\/span><\/a><\/h4><\/div><div class=\"wp-block-getwid-accordion__content-wrapper\"><div class=\"wp-block-getwid-accordion__content\">\n<p class=\"\">Sentint-ho molt, no. Els seus p\u00e8ls s\u00f3n un caos a l'hora de netejar el tipi\u2026<\/p>\n<\/div><\/div>\n<\/div>\n\n\n\n<div style=\"height:48px\" aria-hidden=\"true\" class=\"wp-block-spacer\"><\/div>\n\n\n\n<div class=\"wp-block-jetpack-send-a-message\">\n<div class=\"wp-block-jetpack-whatsapp-button is-color-dark\"><a class=\"whatsapp-block__button\" href=\"https:\/\/api.whatsapp.com\/send?phone=34671443688&amp;text=%C2%A1Hola%20Acampale!\" style=\"background-color:#25D366;color:#fff\" target=\"_blank\" rel=\"noopener noreferrer\">Xat WhatsApp<\/a><\/div>\n<\/div>","protected":false},"excerpt":{"rendered":"","protected":false},"author":1,"featured_media":0,"parent":0,"menu_order":0,"comment_status":"closed","ping_status":"closed","template":"","meta":{"nf_dc_page":"","inline_featured_image":false,"footnotes":""},"class_list":["post-322","page","type-page","status-publish","hentry"],"yoast_head":"<!-- This site is optimized with the Yoast SEO plugin v27.4 - https:\/\/yoast.com\/product\/yoast-seo-wordpress\/ -->\n<title>Preguntas frecuentes - Acampale<\/title>\n<meta name=\"robots\" content=\"index, follow, max-snippet:-1, max-image-preview:large, max-video-preview:-1\" \/>\n<link rel=\"canonical\" href=\"https:\/\/acampale.com\/cat\/faq\/\" \/>\n<meta property=\"og:locale\" content=\"ca_ES\" \/>\n<meta property=\"og:type\" content=\"article\" \/>\n<meta property=\"og:title\" content=\"Preguntas frecuentes - Acampale\" \/>\n<meta property=\"og:url\" content=\"https:\/\/acampale.com\/cat\/faq\/\" \/>\n<meta property=\"og:site_name\" content=\"Acampale\" \/>\n<meta property=\"article:modified_time\" content=\"2025-05-14T15:41:59+00:00\" \/>\n<meta name=\"twitter:card\" content=\"summary_large_image\" \/>\n<meta name=\"twitter:label1\" content=\"Est. reading time\" \/>\n\t<meta name=\"twitter:data1\" content=\"2 minutes\" \/>\n<script type=\"application\/ld+json\" class=\"yoast-schema-graph\">{\"@context\":\"https:\\\/\\\/schema.org\",\"@graph\":[{\"@type\":\"WebPage\",\"@id\":\"https:\\\/\\\/acampale.com\\\/faq\\\/\",\"url\":\"https:\\\/\\\/acampale.com\\\/faq\\\/\",\"name\":\"Preguntas frecuentes - Acampale\",\"isPartOf\":{\"@id\":\"https:\\\/\\\/acampale.com\\\/#website\"},\"datePublished\":\"2019-08-20T13:42:10+00:00\",\"dateModified\":\"2025-05-14T15:41:59+00:00\",\"breadcrumb\":{\"@id\":\"https:\\\/\\\/acampale.com\\\/faq\\\/#breadcrumb\"},\"inLanguage\":\"ca\",\"potentialAction\":[{\"@type\":\"ReadAction\",\"target\":[\"https:\\\/\\\/acampale.com\\\/faq\\\/\"]}]},{\"@type\":\"BreadcrumbList\",\"@id\":\"https:\\\/\\\/acampale.com\\\/faq\\\/#breadcrumb\",\"itemListElement\":[{\"@type\":\"ListItem\",\"position\":1,\"name\":\"Portada\",\"item\":\"https:\\\/\\\/acampale.com\\\/\"},{\"@type\":\"ListItem\",\"position\":2,\"name\":\"Preguntas frecuentes\"}]},{\"@type\":\"WebSite\",\"@id\":\"https:\\\/\\\/acampale.com\\\/#website\",\"url\":\"https:\\\/\\\/acampale.com\\\/\",\"name\":\"Acampale\",\"description\":\"\",\"publisher\":{\"@id\":\"https:\\\/\\\/acampale.com\\\/#organization\"},\"potentialAction\":[{\"@type\":\"SearchAction\",\"target\":{\"@type\":\"EntryPoint\",\"urlTemplate\":\"https:\\\/\\\/acampale.com\\\/?s={search_term_string}\"},\"query-input\":{\"@type\":\"PropertyValueSpecification\",\"valueRequired\":true,\"valueName\":\"search_term_string\"}}],\"inLanguage\":\"ca\"},{\"@type\":\"Organization\",\"@id\":\"https:\\\/\\\/acampale.com\\\/#organization\",\"name\":\"Acampale\",\"url\":\"https:\\\/\\\/acampale.com\\\/\",\"logo\":{\"@type\":\"ImageObject\",\"inLanguage\":\"ca\",\"@id\":\"https:\\\/\\\/acampale.com\\\/#\\\/schema\\\/logo\\\/image\\\/\",\"url\":\"\",\"contentUrl\":\"\",\"caption\":\"Acampale\"},\"image\":{\"@id\":\"https:\\\/\\\/acampale.com\\\/#\\\/schema\\\/logo\\\/image\\\/\"},\"sameAs\":[\"https:\\\/\\\/www.instagram.com\\\/acampale\\\/\"]}]}<\/script>\n<!-- \/ Yoast SEO plugin. -->","yoast_head_json":{"title":"Preguntas frecuentes - Acampale","robots":{"index":"index","follow":"follow","max-snippet":"max-snippet:-1","max-image-preview":"max-image-preview:large","max-video-preview":"max-video-preview:-1"},"canonical":"https:\/\/acampale.com\/cat\/faq\/","og_locale":"ca_ES","og_type":"article","og_title":"Preguntas frecuentes - Acampale","og_url":"https:\/\/acampale.com\/cat\/faq\/","og_site_name":"Acampale","article_modified_time":"2025-05-14T15:41:59+00:00","twitter_card":"summary_large_image","twitter_misc":{"Est. reading time":"2 minutes"},"schema":{"@context":"https:\/\/schema.org","@graph":[{"@type":"WebPage","@id":"https:\/\/acampale.com\/faq\/","url":"https:\/\/acampale.com\/faq\/","name":"Preguntas frecuentes - Acampale","isPartOf":{"@id":"https:\/\/acampale.com\/#website"},"datePublished":"2019-08-20T13:42:10+00:00","dateModified":"2025-05-14T15:41:59+00:00","breadcrumb":{"@id":"https:\/\/acampale.com\/faq\/#breadcrumb"},"inLanguage":"ca","potentialAction":[{"@type":"ReadAction","target":["https:\/\/acampale.com\/faq\/"]}]},{"@type":"BreadcrumbList","@id":"https:\/\/acampale.com\/faq\/#breadcrumb","itemListElement":[{"@type":"ListItem","position":1,"name":"Portada","item":"https:\/\/acampale.com\/"},{"@type":"ListItem","position":2,"name":"Preguntas frecuentes"}]},{"@type":"WebSite","@id":"https:\/\/acampale.com\/#website","url":"https:\/\/acampale.com\/","name":"Acampale","description":"","publisher":{"@id":"https:\/\/acampale.com\/#organization"},"potentialAction":[{"@type":"SearchAction","target":{"@type":"EntryPoint","urlTemplate":"https:\/\/acampale.com\/?s={search_term_string}"},"query-input":{"@type":"PropertyValueSpecification","valueRequired":true,"valueName":"search_term_string"}}],"inLanguage":"ca"},{"@type":"Organization","@id":"https:\/\/acampale.com\/#organization","name":"Acampale","url":"https:\/\/acampale.com\/","logo":{"@type":"ImageObject","inLanguage":"ca","@id":"https:\/\/acampale.com\/#\/schema\/logo\/image\/","url":"","contentUrl":"","caption":"Acampale"},"image":{"@id":"https:\/\/acampale.com\/#\/schema\/logo\/image\/"},"sameAs":["https:\/\/www.instagram.com\/acampale\/"]}]}},"jetpack_sharing_enabled":true,"_links":{"self":[{"href":"https:\/\/acampale.com\/cat\/wp-json\/wp\/v2\/pages\/322","targetHints":{"allow":["GET"]}}],"collection":[{"href":"https:\/\/acampale.com\/cat\/wp-json\/wp\/v2\/pages"}],"about":[{"href":"https:\/\/acampale.com\/cat\/wp-json\/wp\/v2\/types\/page"}],"author":[{"embeddable":true,"href":"https:\/\/acampale.com\/cat\/wp-json\/wp\/v2\/users\/1"}],"replies":[{"embeddable":true,"href":"https:\/\/acampale.com\/cat\/wp-json\/wp\/v2\/comments?post=322"}],"version-history":[{"count":8,"href":"https:\/\/acampale.com\/cat\/wp-json\/wp\/v2\/pages\/322\/revisions"}],"predecessor-version":[{"id":4306,"href":"https:\/\/acampale.com\/cat\/wp-json\/wp\/v2\/pages\/322\/revisions\/4306"}],"wp:attachment":[{"href":"https:\/\/acampale.com\/cat\/wp-json\/wp\/v2\/media?parent=322"}],"curies":[{"name":"wp","href":"https:\/\/api.w.org\/{rel}","templated":true}]}}