{"id":3,"date":"2021-03-02T17:07:07","date_gmt":"2021-03-02T17:07:07","guid":{"rendered":"https:\/\/acampale.com\/?page_id=3"},"modified":"2021-09-29T10:59:09","modified_gmt":"2021-09-29T08:59:09","slug":"politica-de-privacidad","status":"publish","type":"page","link":"https:\/\/acampale.com\/cat\/politica-de-privacidad\/","title":{"rendered":"Pol\u00edtica de Privacitat"},"content":{"rendered":"<p>De conformidad con lo establecido en la Ley Org\u00e1nica 15\/1999 de 13 de diciembre de Protecci\u00f3n de Datos de Car\u00e1cter Personal as\u00ed como en el Reglamento (UE) 2016\/679 del Parlamento Europeo y del Consejo de 27 de abril de 2016 (GDPR) y en el resto de legislaci\u00f3n vigente en materia de protecci\u00f3n de datos de car\u00e1cter personal, los datos que voluntariamente usted nos proporcione se conservar\u00e1n mientras se mantenga la relaci\u00f3n comercial o durante el tiempo necesario para cumplir con las obligaciones legales y atender las posibles responsabilidades que pudieran derivar del cumplimiento de la finalidad para la que los datos fueron recabados.<\/p>\n\n\n\n<p><br>El tratamiento de los datos tiene como finalidad atender su solicitud y gestionar la reserva. Para ello, compartiremos sus datos con nuestros campings colaboradores y otros proveedores de servicios cuando sea necesario o adecuado para ofrecerle el mejor servicio. Adem\u00e1s de sus datos es posible que pidamos los datos de las personas que viajan con usted o de otras personas para las que haya reservado alojamiento. Es su responsabilidad, en el momento de facilitar dichos datos, asegurarse de que las personas son conscientes de ello y han aceptado expresamente la presente pol\u00edtica. Los datos tambi\u00e9n podr\u00e1n ser utilizados para remitir boletines electr\u00f3nicos de noticias o informaci\u00f3n que pudiera ser de su inter\u00e9s.<\/p>\n\n\n\n<p><br>Podr\u00e1 ejercer los derechos de acceso, rectificaci\u00f3n, cancelaci\u00f3n y oposici\u00f3n (\u201cderechos ARCO\u201d) mediante solicitud escrita y firmada en la que indique su nombre y apellidos y los derechos que desea ejercer, y que deber\u00e1 enviar junto con una copia de su documento de identidad o pasaporte por correo electr\u00f3nico a acampale.cat@gmail.com. Podr\u00e1 adem\u00e1s solicitar la eliminaci\u00f3n de sus datos personales (derecho al olvido) en los supuestos establecidos legalmente, adoptando medidas razonables para la eliminaci\u00f3n de enlaces a dichos datos personales, o cualquier copia o r\u00e9plica de los mismos. Dispondr\u00e1 asimismo del derecho a la limitaci\u00f3n del tratamiento de sus datos de car\u00e1cter personal y del derecho a solicitar la portabilidad de sus datos. Asimismo, y especialmente si considera que no ha obtenido satisfacci\u00f3n plena en el ejercicio de sus derechos, podr\u00e1 presentar una reclamaci\u00f3n ante la autoridad nacional de control dirigi\u00e9ndose a estos efectos a la Agencia Espa\u00f1ola de Protecci\u00f3n de Datos, C\/ Jorge Juan, 6 \u2013 28001 Madrid.<\/p>","protected":false},"excerpt":{"rendered":"<p>De conformidad con lo establecido en la Ley Org\u00e1nica 15\/1999 de 13 de diciembre de Protecci\u00f3n de Datos de Car\u00e1cter Personal as\u00ed como en el Reglamento (UE) 2016\/679 del Parlamento Europeo y del Consejo de 27 de abril de 2016 (GDPR) y en el resto de legislaci\u00f3n vigente en materia de protecci\u00f3n de datos de [&hellip;]<\/p>\n","protected":false},"author":1,"featured_media":0,"parent":0,"menu_order":0,"comment_status":"closed","ping_status":"closed","template":"","meta":{"nf_dc_page":"","inline_featured_image":false,"footnotes":""},"class_list":["post-3","page","type-page","status-publish","hentry"],"yoast_head":"<!-- This site is optimized with the Yoast SEO plugin v27.4 - https:\/\/yoast.com\/product\/yoast-seo-wordpress\/ -->\n<title>Pol\u00edtica de Privacidad - Acampale<\/title>\n<meta name=\"robots\" content=\"index, follow, max-snippet:-1, max-image-preview:large, max-video-preview:-1\" \/>\n<link rel=\"canonical\" href=\"https:\/\/acampale.com\/cat\/politica-de-privacidad\/\" \/>\n<meta property=\"og:locale\" content=\"ca_ES\" \/>\n<meta property=\"og:type\" content=\"article\" \/>\n<meta property=\"og:title\" content=\"Pol\u00edtica de Privacidad - Acampale\" \/>\n<meta property=\"og:description\" content=\"De conformidad con lo establecido en la Ley Org\u00e1nica 15\/1999 de 13 de diciembre de Protecci\u00f3n de Datos de Car\u00e1cter Personal as\u00ed como en el Reglamento (UE) 2016\/679 del Parlamento Europeo y del Consejo de 27 de abril de 2016 (GDPR) y en el resto de legislaci\u00f3n vigente en materia de protecci\u00f3n de datos de [&hellip;]\" \/>\n<meta property=\"og:url\" content=\"https:\/\/acampale.com\/cat\/politica-de-privacidad\/\" \/>\n<meta property=\"og:site_name\" content=\"Acampale\" \/>\n<meta property=\"article:modified_time\" content=\"2021-09-29T08:59:09+00:00\" \/>\n<meta name=\"twitter:card\" content=\"summary_large_image\" \/>\n<meta name=\"twitter:label1\" content=\"Est. reading time\" \/>\n\t<meta name=\"twitter:data1\" content=\"2 minutes\" \/>\n<script type=\"application\/ld+json\" class=\"yoast-schema-graph\">{\"@context\":\"https:\\\/\\\/schema.org\",\"@graph\":[{\"@type\":\"WebPage\",\"@id\":\"https:\\\/\\\/acampale.com\\\/politica-de-privacidad\\\/\",\"url\":\"https:\\\/\\\/acampale.com\\\/politica-de-privacidad\\\/\",\"name\":\"Pol\u00edtica de Privacidad - Acampale\",\"isPartOf\":{\"@id\":\"https:\\\/\\\/acampale.com\\\/#website\"},\"datePublished\":\"2021-03-02T17:07:07+00:00\",\"dateModified\":\"2021-09-29T08:59:09+00:00\",\"breadcrumb\":{\"@id\":\"https:\\\/\\\/acampale.com\\\/politica-de-privacidad\\\/#breadcrumb\"},\"inLanguage\":\"ca\",\"potentialAction\":[{\"@type\":\"ReadAction\",\"target\":[\"https:\\\/\\\/acampale.com\\\/politica-de-privacidad\\\/\"]}]},{\"@type\":\"BreadcrumbList\",\"@id\":\"https:\\\/\\\/acampale.com\\\/politica-de-privacidad\\\/#breadcrumb\",\"itemListElement\":[{\"@type\":\"ListItem\",\"position\":1,\"name\":\"Portada\",\"item\":\"https:\\\/\\\/acampale.com\\\/\"},{\"@type\":\"ListItem\",\"position\":2,\"name\":\"Pol\u00edtica de Privacidad\"}]},{\"@type\":\"WebSite\",\"@id\":\"https:\\\/\\\/acampale.com\\\/#website\",\"url\":\"https:\\\/\\\/acampale.com\\\/\",\"name\":\"Acampale\",\"description\":\"\",\"publisher\":{\"@id\":\"https:\\\/\\\/acampale.com\\\/#organization\"},\"potentialAction\":[{\"@type\":\"SearchAction\",\"target\":{\"@type\":\"EntryPoint\",\"urlTemplate\":\"https:\\\/\\\/acampale.com\\\/?s={search_term_string}\"},\"query-input\":{\"@type\":\"PropertyValueSpecification\",\"valueRequired\":true,\"valueName\":\"search_term_string\"}}],\"inLanguage\":\"ca\"},{\"@type\":\"Organization\",\"@id\":\"https:\\\/\\\/acampale.com\\\/#organization\",\"name\":\"Acampale\",\"url\":\"https:\\\/\\\/acampale.com\\\/\",\"logo\":{\"@type\":\"ImageObject\",\"inLanguage\":\"ca\",\"@id\":\"https:\\\/\\\/acampale.com\\\/#\\\/schema\\\/logo\\\/image\\\/\",\"url\":\"\",\"contentUrl\":\"\",\"caption\":\"Acampale\"},\"image\":{\"@id\":\"https:\\\/\\\/acampale.com\\\/#\\\/schema\\\/logo\\\/image\\\/\"},\"sameAs\":[\"https:\\\/\\\/www.instagram.com\\\/acampale\\\/\"]}]}<\/script>\n<!-- \/ Yoast SEO plugin. -->","yoast_head_json":{"title":"Pol\u00edtica de Privacidad - Acampale","robots":{"index":"index","follow":"follow","max-snippet":"max-snippet:-1","max-image-preview":"max-image-preview:large","max-video-preview":"max-video-preview:-1"},"canonical":"https:\/\/acampale.com\/cat\/politica-de-privacidad\/","og_locale":"ca_ES","og_type":"article","og_title":"Pol\u00edtica de Privacidad - Acampale","og_description":"De conformidad con lo establecido en la Ley Org\u00e1nica 15\/1999 de 13 de diciembre de Protecci\u00f3n de Datos de Car\u00e1cter Personal as\u00ed como en el Reglamento (UE) 2016\/679 del Parlamento Europeo y del Consejo de 27 de abril de 2016 (GDPR) y en el resto de legislaci\u00f3n vigente en materia de protecci\u00f3n de datos de [&hellip;]","og_url":"https:\/\/acampale.com\/cat\/politica-de-privacidad\/","og_site_name":"Acampale","article_modified_time":"2021-09-29T08:59:09+00:00","twitter_card":"summary_large_image","twitter_misc":{"Est. reading time":"2 minutes"},"schema":{"@context":"https:\/\/schema.org","@graph":[{"@type":"WebPage","@id":"https:\/\/acampale.com\/politica-de-privacidad\/","url":"https:\/\/acampale.com\/politica-de-privacidad\/","name":"Pol\u00edtica de Privacidad - Acampale","isPartOf":{"@id":"https:\/\/acampale.com\/#website"},"datePublished":"2021-03-02T17:07:07+00:00","dateModified":"2021-09-29T08:59:09+00:00","breadcrumb":{"@id":"https:\/\/acampale.com\/politica-de-privacidad\/#breadcrumb"},"inLanguage":"ca","potentialAction":[{"@type":"ReadAction","target":["https:\/\/acampale.com\/politica-de-privacidad\/"]}]},{"@type":"BreadcrumbList","@id":"https:\/\/acampale.com\/politica-de-privacidad\/#breadcrumb","itemListElement":[{"@type":"ListItem","position":1,"name":"Portada","item":"https:\/\/acampale.com\/"},{"@type":"ListItem","position":2,"name":"Pol\u00edtica de Privacidad"}]},{"@type":"WebSite","@id":"https:\/\/acampale.com\/#website","url":"https:\/\/acampale.com\/","name":"Acampale","description":"","publisher":{"@id":"https:\/\/acampale.com\/#organization"},"potentialAction":[{"@type":"SearchAction","target":{"@type":"EntryPoint","urlTemplate":"https:\/\/acampale.com\/?s={search_term_string}"},"query-input":{"@type":"PropertyValueSpecification","valueRequired":true,"valueName":"search_term_string"}}],"inLanguage":"ca"},{"@type":"Organization","@id":"https:\/\/acampale.com\/#organization","name":"Acampale","url":"https:\/\/acampale.com\/","logo":{"@type":"ImageObject","inLanguage":"ca","@id":"https:\/\/acampale.com\/#\/schema\/logo\/image\/","url":"","contentUrl":"","caption":"Acampale"},"image":{"@id":"https:\/\/acampale.com\/#\/schema\/logo\/image\/"},"sameAs":["https:\/\/www.instagram.com\/acampale\/"]}]}},"jetpack_sharing_enabled":true,"_links":{"self":[{"href":"https:\/\/acampale.com\/cat\/wp-json\/wp\/v2\/pages\/3","targetHints":{"allow":["GET"]}}],"collection":[{"href":"https:\/\/acampale.com\/cat\/wp-json\/wp\/v2\/pages"}],"about":[{"href":"https:\/\/acampale.com\/cat\/wp-json\/wp\/v2\/types\/page"}],"author":[{"embeddable":true,"href":"https:\/\/acampale.com\/cat\/wp-json\/wp\/v2\/users\/1"}],"replies":[{"embeddable":true,"href":"https:\/\/acampale.com\/cat\/wp-json\/wp\/v2\/comments?post=3"}],"version-history":[{"count":4,"href":"https:\/\/acampale.com\/cat\/wp-json\/wp\/v2\/pages\/3\/revisions"}],"predecessor-version":[{"id":1966,"href":"https:\/\/acampale.com\/cat\/wp-json\/wp\/v2\/pages\/3\/revisions\/1966"}],"wp:attachment":[{"href":"https:\/\/acampale.com\/cat\/wp-json\/wp\/v2\/media?parent=3"}],"curies":[{"name":"wp","href":"https:\/\/api.w.org\/{rel}","templated":true}]}}